{"id":914,"date":"2022-02-18T13:57:18","date_gmt":"2022-02-18T16:57:18","guid":{"rendered":"https:\/\/gladiston.net.br\/?page_id=914"},"modified":"2022-07-13T16:05:35","modified_gmt":"2022-07-13T19:05:35","slug":"trocando-o-fpdebug-para-velho-e-conhecido-gd","status":"publish","type":"page","link":"https:\/\/gladiston.net.br\/en\/programacao\/lazarus-ide\/trocando-o-fpdebug-para-velho-e-conhecido-gd\/","title":{"rendered":"Changing fpDebug to old and well-known gdb"},"content":{"rendered":"<p>This article intends to replace fpDebug, Lazarus&#039; default debugger, with the well-known gdb. It is worth remembering that gdb was replaced by fpDebuger because fpDebuger was created especially to debug freepascal programs, while gdb is a component designed to be used with multiple purposes in multiple programming languages and for this reason it is a bit cumbersome and slow. Using fpDebug is the best option, however there are times when we need to debug using gdb to see if the behavior of fpDebug is correct.<\/p>\n\n\n\n<p>all<\/p>","protected":false},"excerpt":{"rendered":"<p>Este artigo intenciona a troca do fpDebug, o debugger padr\u00e3o do Lazarus pelo velho conhecido gdb. Vale lembrar que o gdb foi substitu\u00eddo pelo fpDebuger porque o fpDebuger foi criado especialmente para depurar programas em freepascal, enquanto o gdb \u00e9 um componente idealizado para ser usado com m\u00faltiplos prop\u00f3sitos em m\u00faltiplas linguagens de programa\u00e7\u00e3o e [&hellip;]<\/p>\n","protected":false},"author":4,"featured_media":0,"parent":159,"menu_order":0,"comment_status":"closed","ping_status":"closed","template":"templates\/template-full-width.php","meta":{"footnotes":""},"class_list":["post-914","page","type-page","status-publish","hentry"],"aioseo_notices":[],"_links":{"self":[{"href":"https:\/\/gladiston.net.br\/en\/wp-json\/wp\/v2\/pages\/914","targetHints":{"allow":["GET"]}}],"collection":[{"href":"https:\/\/gladiston.net.br\/en\/wp-json\/wp\/v2\/pages"}],"about":[{"href":"https:\/\/gladiston.net.br\/en\/wp-json\/wp\/v2\/types\/page"}],"author":[{"embeddable":true,"href":"https:\/\/gladiston.net.br\/en\/wp-json\/wp\/v2\/users\/4"}],"replies":[{"embeddable":true,"href":"https:\/\/gladiston.net.br\/en\/wp-json\/wp\/v2\/comments?post=914"}],"version-history":[{"count":5,"href":"https:\/\/gladiston.net.br\/en\/wp-json\/wp\/v2\/pages\/914\/revisions"}],"predecessor-version":[{"id":919,"href":"https:\/\/gladiston.net.br\/en\/wp-json\/wp\/v2\/pages\/914\/revisions\/919"}],"up":[{"embeddable":true,"href":"https:\/\/gladiston.net.br\/en\/wp-json\/wp\/v2\/pages\/159"}],"wp:attachment":[{"href":"https:\/\/gladiston.net.br\/en\/wp-json\/wp\/v2\/media?parent=914"}],"curies":[{"name":"wp","href":"https:\/\/api.w.org\/{rel}","templated":true}]}}