{"id":343,"date":"2022-01-07T18:25:02","date_gmt":"2022-01-07T21:25:02","guid":{"rendered":"https:\/\/gladiston.net.br\/?page_id=343"},"modified":"2022-07-13T16:05:35","modified_gmt":"2022-07-13T19:05:35","slug":"rxtools","status":"publish","type":"page","link":"https:\/\/gladiston.net.br\/en\/programacao\/lazarus-ide\/rxtools\/","title":{"rendered":"RxTools"},"content":{"rendered":"<p>It adds different components for data entry, grids and many other things that can give a boost to your program&#039;s UI\/UX. It has versions for Lzarus\/FPC and also for Delphi Community Edition. I don&#039;t consider it essential, but once using it will likely make it a perpetual dependency.<\/p>\n\n\n\n<h2 class=\"wp-block-heading\">Installing in Lazarus-IDE<\/h2>\n\n\n\n<p>To install on Lazarus go to\u00a0<strong>Package|Online Package Manager<\/strong>, then search for \u201crx\u201d and check the entire tree that belongs to it. The care is that the &#039;rx&#039; package requires many dependencies and therefore, despite being a good suite, it is not unanimous among programmers. Depends on: zeos, lazreport and some others, so if you get a message like:<\/p>\n\n\n\n<figure class=\"wp-block-image\"><img decoding=\"async\" src=\"https:\/\/gladiston.github.io\/hello_lazarus\/assets\/ide_opm_rx1.png\" alt=\"\"\/><\/figure>\n\n\n\n<p>Answer \u201cYes to all\u201d.<\/p>\n\n\n\n<p>Have a lot of patience, it is one of the most time consuming components to install.<\/p>\n\n\n\n<p><strong>ALERT<\/strong>: THE\u00a0<strong>RX Tools<\/strong>\u00a0it is only installable on stable versions of Lazarus and it is necessary to have Zeos previously installed.<\/p>\n\n\n\n<h2 class=\"wp-block-heading\">Installing in Delphi Community Edition<\/h2>\n\n\n\n<p>It&#039;s no secret if you&#039;ve installed a package before in Delphi. The package can be downloaded from:<\/p>\n\n\n\n<p><a href=\"https:\/\/sourceforge.net\/projects\/rxlib\/\">https:\/\/sourceforge.net\/projects\/rxlib\/<\/a><\/p>\n\n\n\n<p>There is even, at the time of writing this article, a setup.exe to automate the installation. There are other unofficial mirrors for this package, I don&#039;t recommend using them.<\/p>\n\n\n\n<h2 class=\"wp-block-heading\">Conclusion<\/h2>\n\n\n\n<p>rx-tools is very version sensitive to Lazarus\/FPC or Delphi, once there is a new version of these IDEs there is a risk that rx-tools will not work until the team fixes them. The components are quite stable, beautiful and practical. They do exactly what is expected of them. Just make sure you need your components, because once you start consuming the components of this palette, you won&#039;t stop anymore and you&#039;ll fall into a \u201clocked in\u201d, which is when your project becomes very dependent on it.<\/p>","protected":false},"excerpt":{"rendered":"<p>Ele acrescenta componentes diferenciados para entrada de dados, grids e muitas outras coisas que podem dar uma alavancada no UI\/UX do seu programa. Ele possui vers\u00f5es para Lzarus\/FPC e tamb\u00e9m para Delphi Comunity Edition. Eu n\u00e3o considero ele essencial, mas uma vez que us\u00e1-lo provavelmente far\u00e1 dela uma depend\u00eancia perp\u00e9tua. Instalando no Lazarus-IDE Para instalar [&hellip;]<\/p>\n","protected":false},"author":1,"featured_media":0,"parent":159,"menu_order":0,"comment_status":"closed","ping_status":"closed","template":"templates\/template-full-width.php","meta":{"footnotes":""},"class_list":["post-343","page","type-page","status-publish","hentry"],"aioseo_notices":[],"_links":{"self":[{"href":"https:\/\/gladiston.net.br\/en\/wp-json\/wp\/v2\/pages\/343","targetHints":{"allow":["GET"]}}],"collection":[{"href":"https:\/\/gladiston.net.br\/en\/wp-json\/wp\/v2\/pages"}],"about":[{"href":"https:\/\/gladiston.net.br\/en\/wp-json\/wp\/v2\/types\/page"}],"author":[{"embeddable":true,"href":"https:\/\/gladiston.net.br\/en\/wp-json\/wp\/v2\/users\/1"}],"replies":[{"embeddable":true,"href":"https:\/\/gladiston.net.br\/en\/wp-json\/wp\/v2\/comments?post=343"}],"version-history":[{"count":3,"href":"https:\/\/gladiston.net.br\/en\/wp-json\/wp\/v2\/pages\/343\/revisions"}],"predecessor-version":[{"id":1199,"href":"https:\/\/gladiston.net.br\/en\/wp-json\/wp\/v2\/pages\/343\/revisions\/1199"}],"up":[{"embeddable":true,"href":"https:\/\/gladiston.net.br\/en\/wp-json\/wp\/v2\/pages\/159"}],"wp:attachment":[{"href":"https:\/\/gladiston.net.br\/en\/wp-json\/wp\/v2\/media?parent=343"}],"curies":[{"name":"wp","href":"https:\/\/api.w.org\/{rel}","templated":true}]}}