{"id":341,"date":"2022-01-07T18:24:01","date_gmt":"2022-01-07T21:24:01","guid":{"rendered":"https:\/\/gladiston.net.br\/?page_id=341"},"modified":"2022-07-13T16:05:55","modified_gmt":"2022-07-13T19:05:55","slug":"usercontrol","status":"publish","type":"page","link":"https:\/\/gladiston.net.br\/en\/programacao\/lazarus-ide\/usercontrol\/","title":{"rendered":"UserControl"},"content":{"rendered":"<p>A set of components that will allow you to manage the permissions that a user within your system has on the system. It is used together with TMainMENU, TPopMenu and TActionList, all these components have the purpose of performing an action. What the component does is create auxiliary control tables within its database and the component has a kind of user manager that is able to relate who has access to which options within each element of the TMainMENU, TPopMenu and TActionList components.<\/p>\n\n\n\n<p>When the program starts, the UserControl component then kicks in, disabling options that have not been set for this or that user.<\/p>\n\n\n\n<p>More information:<br><a href=\"https:\/\/github.com\/jbsolucoes\/ucp\">Official repository page<\/a><\/p>\n\n\n\n<p>Video explaining how the component works:<br><a href=\"https:\/\/www.youtube.com\/watch?v=ZuB2u9UscHw&amp;t=7\">explanation video<\/a><\/p>","protected":false},"excerpt":{"rendered":"<p>Um conjunto de componentes que lhe permitir\u00e3o administrar as permiss\u00f5es que um usu\u00e1rio dentro do teu no sistema. Ele \u00e9 usado em conjunto com TMainMENU, TPopMenu e TActionList, todos estes componentes tem a finalidade de executar uma a\u00e7\u00e3o. O que o componente faz \u00e9 criar tabelas auxiliares de controle dentro do seu banco de dados [&hellip;]<\/p>\n","protected":false},"author":1,"featured_media":0,"parent":159,"menu_order":0,"comment_status":"closed","ping_status":"closed","template":"templates\/template-full-width.php","meta":{"footnotes":""},"class_list":["post-341","page","type-page","status-publish","hentry"],"aioseo_notices":[],"_links":{"self":[{"href":"https:\/\/gladiston.net.br\/en\/wp-json\/wp\/v2\/pages\/341","targetHints":{"allow":["GET"]}}],"collection":[{"href":"https:\/\/gladiston.net.br\/en\/wp-json\/wp\/v2\/pages"}],"about":[{"href":"https:\/\/gladiston.net.br\/en\/wp-json\/wp\/v2\/types\/page"}],"author":[{"embeddable":true,"href":"https:\/\/gladiston.net.br\/en\/wp-json\/wp\/v2\/users\/1"}],"replies":[{"embeddable":true,"href":"https:\/\/gladiston.net.br\/en\/wp-json\/wp\/v2\/comments?post=341"}],"version-history":[{"count":4,"href":"https:\/\/gladiston.net.br\/en\/wp-json\/wp\/v2\/pages\/341\/revisions"}],"predecessor-version":[{"id":735,"href":"https:\/\/gladiston.net.br\/en\/wp-json\/wp\/v2\/pages\/341\/revisions\/735"}],"up":[{"embeddable":true,"href":"https:\/\/gladiston.net.br\/en\/wp-json\/wp\/v2\/pages\/159"}],"wp:attachment":[{"href":"https:\/\/gladiston.net.br\/en\/wp-json\/wp\/v2\/media?parent=341"}],"curies":[{"name":"wp","href":"https:\/\/api.w.org\/{rel}","templated":true}]}}