{"id":314,"date":"2022-01-07T18:20:44","date_gmt":"2022-01-07T21:20:44","guid":{"rendered":"https:\/\/gladiston.net.br\/?page_id=314"},"modified":"2022-07-13T16:05:35","modified_gmt":"2022-07-13T19:05:35","slug":"powerpdf","status":"publish","type":"page","link":"https:\/\/gladiston.net.br\/en\/programacao\/lazarus-ide\/powerpdf\/","title":{"rendered":"PowerPDF"},"content":{"rendered":"<p>PowerPDF is a set of non-visual components with which we can create documents in PDF format.<\/p>\n\n\n\n<p>The generated documents will be in PDF 1.2 format. Be careful, this component is for creating PDFs and not for reading them. You may think that you will never use it, but the fact is that some report generators use it, so I recommend that you install it.<\/p>\n\n\n\n<p>More information at:<br><a href=\"https:\/\/wiki.lazarus.freepascal.org\/PowerPDF\">https:\/\/wiki.lazarus.freepascal.org\/PowerPDF<\/a><\/p>\n\n\n\n<p>If you are looking for more examples, please read this other article titled \u201c<a href=\"https:\/\/gladiston.net.br\/en\/?page_id=358\" target=\"_blank\" rel=\"noreferrer noopener\" title=\"learning by example\">learning by example<\/a>\u201c, in it you will find many examples.<\/p>","protected":false},"excerpt":{"rendered":"<p>PowerPDF \u00e9 um conjunto de componentes n\u00e3o visuais com o qual podemos criar documentos no formato PDF. Os documentos gerados estar\u00e3o no formato PDF 1.2. Cuidado, este componente serve para criar PDF e n\u00e3o para l\u00ea-los. Talvez ache que nunca a usar\u00e1, mas o fato \u00e9 que alguns geradores de relat\u00f3rios o utilizam, ent\u00e3o recomendo [&hellip;]<\/p>\n","protected":false},"author":1,"featured_media":0,"parent":159,"menu_order":0,"comment_status":"closed","ping_status":"closed","template":"templates\/template-full-width.php","meta":{"footnotes":""},"class_list":["post-314","page","type-page","status-publish","hentry"],"aioseo_notices":[],"_links":{"self":[{"href":"https:\/\/gladiston.net.br\/en\/wp-json\/wp\/v2\/pages\/314","targetHints":{"allow":["GET"]}}],"collection":[{"href":"https:\/\/gladiston.net.br\/en\/wp-json\/wp\/v2\/pages"}],"about":[{"href":"https:\/\/gladiston.net.br\/en\/wp-json\/wp\/v2\/types\/page"}],"author":[{"embeddable":true,"href":"https:\/\/gladiston.net.br\/en\/wp-json\/wp\/v2\/users\/1"}],"replies":[{"embeddable":true,"href":"https:\/\/gladiston.net.br\/en\/wp-json\/wp\/v2\/comments?post=314"}],"version-history":[{"count":4,"href":"https:\/\/gladiston.net.br\/en\/wp-json\/wp\/v2\/pages\/314\/revisions"}],"predecessor-version":[{"id":772,"href":"https:\/\/gladiston.net.br\/en\/wp-json\/wp\/v2\/pages\/314\/revisions\/772"}],"up":[{"embeddable":true,"href":"https:\/\/gladiston.net.br\/en\/wp-json\/wp\/v2\/pages\/159"}],"wp:attachment":[{"href":"https:\/\/gladiston.net.br\/en\/wp-json\/wp\/v2\/media?parent=314"}],"curies":[{"name":"wp","href":"https:\/\/api.w.org\/{rel}","templated":true}]}}