{"id":312,"date":"2022-01-07T18:19:31","date_gmt":"2022-01-07T21:19:31","guid":{"rendered":"https:\/\/gladiston.net.br\/?page_id=312"},"modified":"2022-07-13T16:05:15","modified_gmt":"2022-07-13T19:05:15","slug":"fpspreadsheet","status":"publish","type":"page","link":"https:\/\/gladiston.net.br\/en\/programacao\/lazarus-ide\/fpspreadsheet\/","title":{"rendered":"FPSpreadsheet"},"content":{"rendered":"<p>Known as \u201cFP Spreadsheet\u201d, it is used to import\/export spreadsheets from\/to ODT, XLS, XLSX (Open XML) formats.<\/p>\n\n\n\n<p>You can use it in Lazarus\/FPC and also in Delphi Community Edition.<\/p>\n\n\n\n<p>More information at:<br><a href=\"https:\/\/wiki.lazarus.freepascal.org\/FPSpreadsheet\">https:\/\/wiki.lazarus.freepascal.org\/FPSpreadsheet<\/a><\/p>\n\n\n\n<p>Watch the video below where you can find examples of how to use such a component:<\/p>\n\n\n\n<figure class=\"wp-block-embed is-type-video is-provider-youtube wp-block-embed-youtube wp-embed-aspect-16-9 wp-has-aspect-ratio\"><div class=\"wp-block-embed__wrapper\">\n<iframe loading=\"lazy\" title=\"Lazarus IDE Learning by example\" width=\"580\" height=\"326\" src=\"https:\/\/www.youtube.com\/embed\/5PGFdVkL3FU?start=289&#038;feature=oembed\" frameborder=\"0\" allow=\"accelerometer; autoplay; clipboard-write; encrypted-media; gyroscope; picture-in-picture; web-share\" referrerpolicy=\"strict-origin-when-cross-origin\" allowfullscreen><\/iframe>\n<\/div><\/figure>\n\n\n\n<p>If you are looking for examples like this or other components, please read this other article titled <a href=\"https:\/\/gladiston.net.br\/en\/?page_id=358\" target=\"_blank\" rel=\"noreferrer noopener\" title=\"learning by example\">learning by example<\/a>, in it you will find many examples.<\/p>","protected":false},"excerpt":{"rendered":"<p>Conhecido como \u201cFP Spreadsheet\u201d, \u00e9 utilizado para importar\/exportar planilhas de\/para os formatos ODT, XLS, XLSX (Open XML). D\u00e1 para utiliz\u00e1-lo no Lazarus\/FPC e tamb\u00e9m no Delphi Comunity Edition. Maiores informa\u00e7\u00f5es em:https:\/\/wiki.lazarus.freepascal.org\/FPSpreadsheet Veja o v\u00eddeo abaixo onde poder\u00e1 encontrar exemplos de como usar tal componente: Se estiver procurando exemplos em como este ou outros componentes, por [&hellip;]<\/p>\n","protected":false},"author":1,"featured_media":0,"parent":159,"menu_order":0,"comment_status":"closed","ping_status":"closed","template":"templates\/template-full-width.php","meta":{"footnotes":""},"class_list":["post-312","page","type-page","status-publish","hentry"],"aioseo_notices":[],"_links":{"self":[{"href":"https:\/\/gladiston.net.br\/en\/wp-json\/wp\/v2\/pages\/312","targetHints":{"allow":["GET"]}}],"collection":[{"href":"https:\/\/gladiston.net.br\/en\/wp-json\/wp\/v2\/pages"}],"about":[{"href":"https:\/\/gladiston.net.br\/en\/wp-json\/wp\/v2\/types\/page"}],"author":[{"embeddable":true,"href":"https:\/\/gladiston.net.br\/en\/wp-json\/wp\/v2\/users\/1"}],"replies":[{"embeddable":true,"href":"https:\/\/gladiston.net.br\/en\/wp-json\/wp\/v2\/comments?post=312"}],"version-history":[{"count":5,"href":"https:\/\/gladiston.net.br\/en\/wp-json\/wp\/v2\/pages\/312\/revisions"}],"predecessor-version":[{"id":1192,"href":"https:\/\/gladiston.net.br\/en\/wp-json\/wp\/v2\/pages\/312\/revisions\/1192"}],"up":[{"embeddable":true,"href":"https:\/\/gladiston.net.br\/en\/wp-json\/wp\/v2\/pages\/159"}],"wp:attachment":[{"href":"https:\/\/gladiston.net.br\/en\/wp-json\/wp\/v2\/media?parent=312"}],"curies":[{"name":"wp","href":"https:\/\/api.w.org\/{rel}","templated":true}]}}