{"id":310,"date":"2022-01-07T18:18:40","date_gmt":"2022-01-07T21:18:40","guid":{"rendered":"https:\/\/gladiston.net.br\/?page_id=310"},"modified":"2022-07-13T16:04:57","modified_gmt":"2022-07-13T19:04:57","slug":"dcpcrypt","status":"publish","type":"page","link":"https:\/\/gladiston.net.br\/en\/programacao\/lazarus-ide\/dcpcrypt\/","title":{"rendered":"DCPcrypt"},"content":{"rendered":"<p>It is a library that allows us to encrypt data, even if you find it unnecessary, it is used by other libraries and components that are likely to use it when it comes to encrypting data, so I recommend installing it.<\/p>\n\n\n\n<p>Go in&nbsp;<strong>-&gt;Online Package Manager(GPO or OPM in English)<\/strong>, then search for \u201cDCPcrypt\u201d and mark the entire tree:<\/p>\n\n\n\n<figure class=\"wp-block-image\"><img decoding=\"async\" src=\"https:\/\/gladiston.github.io\/hello_lazarus\/assets\/ide_opm_dcpcrypt1.png\" alt=\".\"\/><\/figure>\n\n\n\n<p>and click&nbsp;<strong>Install|Install from repository<\/strong>. Sometimes you will be asked to restart the IDE, answer \u201cyes\u201d and proceed. Repeat the same operation for all the indicated components.<\/p>\n\n\n\n<p>If you are looking for more examples, please read this other article titled \u201c<a href=\"https:\/\/gladiston.net.br\/en\/?page_id=358\" target=\"_blank\" rel=\"noreferrer noopener\" title=\"learning by example\">learning by example<\/a>\u201c, in it you will find many examples.<\/p>","protected":false},"excerpt":{"rendered":"<p>\u00c9 uma biblioteca que nos permite criptografar dados, mesmo que voc\u00ea ache desnecess\u00e1rio, ela \u00e9 usada por outras bibliotecas e componentes que provavelmente a usar\u00e3o quando o assunto for criptografar dados, ent\u00e3o recomendo sua instala\u00e7\u00e3o. V\u00e1 em&nbsp;-&gt;Gerenciador de Pacotes Online(GPO ou OPM em ingl\u00eas), ent\u00e3o procure por \u201cDCPcrypt\u201d e marque a inteira \u00e1rvore: E clique [&hellip;]<\/p>\n","protected":false},"author":1,"featured_media":0,"parent":159,"menu_order":0,"comment_status":"closed","ping_status":"closed","template":"templates\/template-full-width.php","meta":{"footnotes":""},"class_list":["post-310","page","type-page","status-publish","hentry"],"aioseo_notices":[],"_links":{"self":[{"href":"https:\/\/gladiston.net.br\/en\/wp-json\/wp\/v2\/pages\/310","targetHints":{"allow":["GET"]}}],"collection":[{"href":"https:\/\/gladiston.net.br\/en\/wp-json\/wp\/v2\/pages"}],"about":[{"href":"https:\/\/gladiston.net.br\/en\/wp-json\/wp\/v2\/types\/page"}],"author":[{"embeddable":true,"href":"https:\/\/gladiston.net.br\/en\/wp-json\/wp\/v2\/users\/1"}],"replies":[{"embeddable":true,"href":"https:\/\/gladiston.net.br\/en\/wp-json\/wp\/v2\/comments?post=310"}],"version-history":[{"count":3,"href":"https:\/\/gladiston.net.br\/en\/wp-json\/wp\/v2\/pages\/310\/revisions"}],"predecessor-version":[{"id":774,"href":"https:\/\/gladiston.net.br\/en\/wp-json\/wp\/v2\/pages\/310\/revisions\/774"}],"up":[{"embeddable":true,"href":"https:\/\/gladiston.net.br\/en\/wp-json\/wp\/v2\/pages\/159"}],"wp:attachment":[{"href":"https:\/\/gladiston.net.br\/en\/wp-json\/wp\/v2\/media?parent=310"}],"curies":[{"name":"wp","href":"https:\/\/api.w.org\/{rel}","templated":true}]}}