{"id":303,"date":"2022-01-07T18:15:37","date_gmt":"2022-01-07T21:15:37","guid":{"rendered":"https:\/\/gladiston.net.br\/?page_id=303"},"modified":"2022-07-13T16:05:16","modified_gmt":"2022-07-13T19:05:16","slug":"mostrar-ou-nao-mostrar-os-nomes-nos-cabecalhos","status":"publish","type":"page","link":"https:\/\/gladiston.net.br\/en\/programacao\/lazarus-ide\/mostrar-ou-nao-mostrar-os-nomes-nos-cabecalhos\/","title":{"rendered":"To show or not to show headers text"},"content":{"rendered":"<p>Note the name of the headers:<\/p>\n\n\n\n<figure class=\"wp-block-image\"><img decoding=\"async\" src=\"https:\/\/gladiston.github.io\/hello_lazarus\/assets\/ide_headers_show1.png\" alt=\"Nome dos cabe\u00e7alhos\"\/><\/figure>\n\n\n\n<p>These titles are called&nbsp;<strong>\u201cheaders\u201d<\/strong>. They take up a few pixels in height that can be saved by hiding them, especially if you no longer intend to move things around and\/or know exactly what they identify by the dock&#039;s contents. If you want to save in pixels, right-click on these&nbsp;<strong>headers<\/strong>&nbsp;and disable the option&nbsp;<strong>\u201cShow headers\u201d<\/strong>:<\/p>\n\n\n\n<figure class=\"wp-block-image\"><img decoding=\"async\" src=\"https:\/\/gladiston.github.io\/hello_lazarus\/assets\/ide_headers_show2.png\" alt=\"Mostrar ou n\u00e3o os cabe\u00e7alhos\"\/><\/figure>\n\n\n\n<p>Personally, I leave the headers on because I like the&nbsp;<strong>&quot;Minimize&quot;<\/strong>, he is useful to me. When hiding the headers I lose the minimize button and I can no longer stack docks on top of the others.<\/p>\n\n\n\n<p>If you want to display it again,&nbsp;<a href=\"https:\/\/gladiston.github.io\/hello_lazarus\/ide_headers_show_again.html\">read this article<\/a><\/p>\n\n\n\n<p>There are many other productivity and customization options in Lazarus. Over time we discover other ways and which one will be the best way&nbsp;<strong>for you<\/strong>. See the final version without the form editor docking:<\/p>\n\n\n\n<figure class=\"wp-block-image\"><img decoding=\"async\" src=\"https:\/\/gladiston.github.io\/hello_lazarus\/assets\/ide_headers_show6.png\" alt=\"Vers\u00e3o final da ancoragem\"\/><\/figure>\n\n\n\n<p>In my example, the form is loose, but I dock everything that has to do with code. When in design mode, I leave the form on top and turn on the component palette option&nbsp;<strong>\u201cKeep Open\u201d<\/strong>&nbsp;so it doesn&#039;t disappear until I finish dragging the components I need onto the form.&nbsp;<strong>Ctrl+ALT+P<\/strong>&nbsp;and the palette reappears on top of the others.<\/p>\n\n\n\n<p>After all this work and adjustment, let&#039;s save.<\/p>","protected":false},"excerpt":{"rendered":"<p>Note o nome dos cabe\u00e7alhos: Esses t\u00edtulos s\u00e3o chamados de&nbsp;\u201ccabe\u00e7alhos\u201d. Elas ocupam alguns pixels de altura que podem ser economizados por ocult\u00e1-los, em especial se voc\u00ea n\u00e3o pretende mais mudar as coisas de lugar e\/ou sabe exatamente o que elas identificam pelo conte\u00fado da dock. Se deseja fazer essa economia em pixels, clique com o [&hellip;]<\/p>\n","protected":false},"author":1,"featured_media":0,"parent":159,"menu_order":0,"comment_status":"closed","ping_status":"closed","template":"templates\/template-full-width.php","meta":{"footnotes":""},"class_list":["post-303","page","type-page","status-publish","hentry"],"aioseo_notices":[],"_links":{"self":[{"href":"https:\/\/gladiston.net.br\/en\/wp-json\/wp\/v2\/pages\/303","targetHints":{"allow":["GET"]}}],"collection":[{"href":"https:\/\/gladiston.net.br\/en\/wp-json\/wp\/v2\/pages"}],"about":[{"href":"https:\/\/gladiston.net.br\/en\/wp-json\/wp\/v2\/types\/page"}],"author":[{"embeddable":true,"href":"https:\/\/gladiston.net.br\/en\/wp-json\/wp\/v2\/users\/1"}],"replies":[{"embeddable":true,"href":"https:\/\/gladiston.net.br\/en\/wp-json\/wp\/v2\/comments?post=303"}],"version-history":[{"count":2,"href":"https:\/\/gladiston.net.br\/en\/wp-json\/wp\/v2\/pages\/303\/revisions"}],"predecessor-version":[{"id":445,"href":"https:\/\/gladiston.net.br\/en\/wp-json\/wp\/v2\/pages\/303\/revisions\/445"}],"up":[{"embeddable":true,"href":"https:\/\/gladiston.net.br\/en\/wp-json\/wp\/v2\/pages\/159"}],"wp:attachment":[{"href":"https:\/\/gladiston.net.br\/en\/wp-json\/wp\/v2\/media?parent=303"}],"curies":[{"name":"wp","href":"https:\/\/api.w.org\/{rel}","templated":true}]}}