{"id":268,"date":"2022-01-07T18:14:11","date_gmt":"2022-01-07T21:14:11","guid":{"rendered":"https:\/\/gladiston.net.br\/?page_id=268"},"modified":"2022-07-13T16:05:16","modified_gmt":"2022-07-13T19:05:16","slug":"posicao-dos-cabecalhos","status":"publish","type":"page","link":"https:\/\/gladiston.net.br\/en\/programacao\/lazarus-ide\/posicao-dos-cabecalhos\/","title":{"rendered":"Headers position"},"content":{"rendered":"<p><strong>headers<\/strong>&nbsp;these are the most prominent titles of the toolboxes:<\/p>\n\n\n\n<figure class=\"wp-block-image\"><img decoding=\"async\" src=\"https:\/\/gladiston.github.io\/hello_lazarus\/assets\/ide_headers_pos1.png\" alt=\"Docking options\"\/><\/figure>\n\n\n\n<p>Headings are usually at the top, but for convenience they can be at the bottom, right, and left. This gives us the possibility to prioritize some tools that are more useful than others at any given time. Let&#039;s take an example, right-click on the header of the&nbsp;<strong>Project Inspector<\/strong>&nbsp;and in the menu will appear the option&nbsp;<strong>Header position-&gt;Right:<\/strong><\/p>\n\n\n\n<figure class=\"wp-block-image\"><img decoding=\"async\" src=\"https:\/\/gladiston.github.io\/hello_lazarus\/assets\/ide_headers_pos2.png\" alt=\"Posi\u00e7\u00e3o dos cabe\u00e7alhos\"\/><\/figure>\n\n\n\n<p>And then it will look like this:<\/p>\n\n\n\n<figure class=\"wp-block-image\"><img decoding=\"async\" src=\"https:\/\/gladiston.github.io\/hello_lazarus\/assets\/ide_headers_pos3.png\" alt=\"Posi\u00e7\u00e3o dos cabe\u00e7alhos\"\/><\/figure>\n\n\n\n<p>Repeat the same process for all tools that are on the right as&nbsp;<strong>components<\/strong>&nbsp;and&nbsp;<strong>Code Explorer<\/strong>. And then they will look like this:<\/p>\n\n\n\n<figure class=\"wp-block-image\"><img decoding=\"async\" src=\"https:\/\/gladiston.github.io\/hello_lazarus\/assets\/ide_headers_pos4.png\" alt=\"Components e Code Explorer\"\/><\/figure>\n\n\n\n<p>You may not have noticed, but you have gained height, on widescreen monitors this is very important because we have more width than height.<\/p>\n\n\n\n<p>You can repeat the operation with the left panels as&nbsp;<strong>Object Inspector<\/strong>, leaving it on the left:<\/p>\n\n\n\n<figure class=\"wp-block-image\"><img decoding=\"async\" src=\"https:\/\/gladiston.github.io\/hello_lazarus\/assets\/ide_headers_pos5.png\" alt=\"Object Inspector\"\/><\/figure>\n\n\n\n<p>At the end of the process it will look like this:<\/p>\n\n\n\n<figure class=\"wp-block-image\"><img decoding=\"async\" src=\"https:\/\/gladiston.github.io\/hello_lazarus\/assets\/ide_headers_pos6.png\" alt=\"Vers\u00e3o final com os cabecalhos ajustados\"\/><\/figure>","protected":false},"excerpt":{"rendered":"<p>Cabe\u00e7alhos&nbsp;s\u00e3o esses t\u00edtulos mais destacados das janelas de ferramentas(toolboxes): Os cabe\u00e7alhos geralmente est\u00e3o na parte de cima, mas conforme a conveni\u00eancia podem ficar abaixo, direita e esquerda. Isso nos d\u00e1 a possibilidade de priorizar algumas ferramentas que s\u00e3o mais \u00fateis do que outras em determinado momento. Vamos a um exemplo, clique com o bot\u00e3o direito [&hellip;]<\/p>\n","protected":false},"author":1,"featured_media":0,"parent":159,"menu_order":0,"comment_status":"closed","ping_status":"closed","template":"templates\/template-full-width.php","meta":{"footnotes":""},"class_list":["post-268","page","type-page","status-publish","hentry"],"aioseo_notices":[],"_links":{"self":[{"href":"https:\/\/gladiston.net.br\/en\/wp-json\/wp\/v2\/pages\/268","targetHints":{"allow":["GET"]}}],"collection":[{"href":"https:\/\/gladiston.net.br\/en\/wp-json\/wp\/v2\/pages"}],"about":[{"href":"https:\/\/gladiston.net.br\/en\/wp-json\/wp\/v2\/types\/page"}],"author":[{"embeddable":true,"href":"https:\/\/gladiston.net.br\/en\/wp-json\/wp\/v2\/users\/1"}],"replies":[{"embeddable":true,"href":"https:\/\/gladiston.net.br\/en\/wp-json\/wp\/v2\/comments?post=268"}],"version-history":[{"count":2,"href":"https:\/\/gladiston.net.br\/en\/wp-json\/wp\/v2\/pages\/268\/revisions"}],"predecessor-version":[{"id":444,"href":"https:\/\/gladiston.net.br\/en\/wp-json\/wp\/v2\/pages\/268\/revisions\/444"}],"up":[{"embeddable":true,"href":"https:\/\/gladiston.net.br\/en\/wp-json\/wp\/v2\/pages\/159"}],"wp:attachment":[{"href":"https:\/\/gladiston.net.br\/en\/wp-json\/wp\/v2\/media?parent=268"}],"curies":[{"name":"wp","href":"https:\/\/api.w.org\/{rel}","templated":true}]}}