{"id":266,"date":"2022-01-07T18:13:08","date_gmt":"2022-01-07T21:13:08","guid":{"rendered":"https:\/\/gladiston.net.br\/?page_id=266"},"modified":"2022-07-13T16:05:55","modified_gmt":"2022-07-13T19:05:55","slug":"usando-o-inspetor-de-projetoproject-inspector","status":"publish","type":"page","link":"https:\/\/gladiston.net.br\/en\/programacao\/lazarus-ide\/usando-o-inspetor-de-projetoproject-inspector\/","title":{"rendered":"Using the Project Inspector"},"content":{"rendered":"<p>Go to Project-&gt;Project Inspector (Project-&gt;Project Inspector) and this window will appear:<\/p>\n\n\n\n<figure class=\"wp-block-image\"><img decoding=\"async\" src=\"https:\/\/gladiston.github.io\/hello_lazarus\/assets\/ide_project_inspector1.png\" alt=\"Project Inspector\"\/><\/figure>\n\n\n\n<p>Then dock it in the upper part where the components palette on the right is also located:<\/p>\n\n\n\n<figure class=\"wp-block-image\"><img decoding=\"async\" src=\"https:\/\/gladiston.github.io\/hello_lazarus\/assets\/ide_project_inspector2.png\" alt=\"Ent\u00e3o fa\u00e7a a sua docagem na parte superior onde se encontra tamb\u00e9m a paleta de componentes do lado direito\"\/><\/figure>\n\n\n\n<p>This docking is not always easy, my recommendation is to undock it. Leaving all windows floating and then docking them one at a time until it looks like this:<\/p>\n\n\n\n<figure class=\"wp-block-image\"><img decoding=\"async\" src=\"https:\/\/gladiston.github.io\/hello_lazarus\/assets\/ide_project_inspector3.png\" alt=\"Project Inspector em cima e componentes embaixo\"\/><\/figure>\n\n\n\n<p>The project inspector is at the top and the \u201cCode explorer\u201d and \u201cComponents\u201d panel share the same space at the bottom.<\/p>\n\n\n\n<p>Later and with more experience you can find better positions. The indicated positions were my perceptions of how best to use them.<\/p>\n\n\n\n<p>In the end, it will look like this:<\/p>\n\n\n\n<figure class=\"wp-block-image\"><img decoding=\"async\" src=\"https:\/\/gladiston.github.io\/hello_lazarus\/assets\/ide_project_inspector4.png\" alt=\"A imagem ficar\u00e1 assim\"\/><\/figure>\n\n\n\n<p>We&#039;re reaching the climax, it&#039;s not long and there&#039;s still room for improvement.<\/p>","protected":false},"excerpt":{"rendered":"<p>V\u00e1 em Project-&gt;Project Inspector (Projeto-&gt;Inspetor de Projetos) e aparecer\u00e1 essa janela solta das demais: Ent\u00e3o fa\u00e7a a sua docagem na parte superior onde se encontra tamb\u00e9m a paleta de componentes do lado direito: Essa docagem nem sempre \u00e9 f\u00e1cil, minha recomenda\u00e7\u00e3o \u00e9 que fa\u00e7a a des-docagem. Deixando todas as janelas flutuantes e da\u00ed ent\u00e3o fa\u00e7a [&hellip;]<\/p>\n","protected":false},"author":1,"featured_media":0,"parent":159,"menu_order":0,"comment_status":"closed","ping_status":"closed","template":"templates\/template-full-width.php","meta":{"footnotes":""},"class_list":["post-266","page","type-page","status-publish","hentry"],"aioseo_notices":[],"_links":{"self":[{"href":"https:\/\/gladiston.net.br\/en\/wp-json\/wp\/v2\/pages\/266","targetHints":{"allow":["GET"]}}],"collection":[{"href":"https:\/\/gladiston.net.br\/en\/wp-json\/wp\/v2\/pages"}],"about":[{"href":"https:\/\/gladiston.net.br\/en\/wp-json\/wp\/v2\/types\/page"}],"author":[{"embeddable":true,"href":"https:\/\/gladiston.net.br\/en\/wp-json\/wp\/v2\/users\/1"}],"replies":[{"embeddable":true,"href":"https:\/\/gladiston.net.br\/en\/wp-json\/wp\/v2\/comments?post=266"}],"version-history":[{"count":3,"href":"https:\/\/gladiston.net.br\/en\/wp-json\/wp\/v2\/pages\/266\/revisions"}],"predecessor-version":[{"id":880,"href":"https:\/\/gladiston.net.br\/en\/wp-json\/wp\/v2\/pages\/266\/revisions\/880"}],"up":[{"embeddable":true,"href":"https:\/\/gladiston.net.br\/en\/wp-json\/wp\/v2\/pages\/159"}],"wp:attachment":[{"href":"https:\/\/gladiston.net.br\/en\/wp-json\/wp\/v2\/media?parent=266"}],"curies":[{"name":"wp","href":"https:\/\/api.w.org\/{rel}","templated":true}]}}