{"id":264,"date":"2022-01-07T18:12:20","date_gmt":"2022-01-07T21:12:20","guid":{"rendered":"https:\/\/gladiston.net.br\/?page_id=264"},"modified":"2022-07-13T16:04:57","modified_gmt":"2022-07-13T19:04:57","slug":"docagem-do-editor-de-formulario","status":"publish","type":"page","link":"https:\/\/gladiston.net.br\/en\/programacao\/lazarus-ide\/docagem-do-editor-de-formulario\/","title":{"rendered":"Form editor docking"},"content":{"rendered":"<p>The extension below is for those who are already used to the Delphi-like way where the form editor is exactly where the code editor is and masterfully use the F12 key and switch between one and the other. Install the following package:<\/p>\n\n\n\n<p><code>dockedformeditor<\/code><\/p>\n\n\n\n<p>The&nbsp;<strong>dockedformeditor<\/strong>&nbsp;is used in conjunction with&nbsp;<strong>AnchorDocking<\/strong>&nbsp;and&nbsp;<strong>AnchorDockingDsgn<\/strong>, they together works harmoniously well, very different from the&nbsp;<strong>sparta_dockedformeditor<\/strong>&nbsp;which is very buggy. How&nbsp;<strong>dockedformeditor<\/strong>&nbsp;you will have the form docked in the same area where the code editor is also located:<\/p>\n\n\n\n<figure class=\"wp-block-image\"><img decoding=\"async\" src=\"https:\/\/gladiston.github.io\/hello_lazarus\/assets\/docagem_3.png\" alt=\"\"\/><\/figure>\n\n\n\n<p>One more add-on and the option&nbsp;<strong>&#039;Anchors&#039;<\/strong>&nbsp;which can improve form display with emphasis on positions and anchoring:<\/p>\n\n\n\n<figure class=\"wp-block-image\"><img decoding=\"async\" src=\"https:\/\/gladiston.github.io\/hello_lazarus\/assets\/docagem_4.png\" alt=\"\"\/><\/figure>\n\n\n\n<p><strong>ALERT:<\/strong>&nbsp;Never use these packages in conjunction with packages&nbsp;<strong>Sparta<\/strong>&nbsp;which has a similar purpose until Lazarus version 2.0, such as sparta_formeditor as this will bring certain instabilities, for example, calling the&nbsp;<strong>&#039;Fields Editor&#039;<\/strong>&nbsp;and she goes behind the IDE and you&#039;re clumsily looking for him. The package&nbsp;<strong>&#039;sparta&#039;<\/strong>&nbsp;for this coercion purpose was discontinued, the&nbsp;<strong>anchor docking<\/strong>&nbsp;it&#039;s a fork of it that has been greatly improved.<\/p>","protected":false},"excerpt":{"rendered":"<p>A extens\u00e3o abaixo \u00e9 para quem j\u00e1 est\u00e1 acostumado ao jeito Delphi-like onde o editor de formul\u00e1rios fica exatamente onde est\u00e1 o editor de c\u00f3digo e com mestria usar a tecla F12 e ficar alternando entre um e o outro. Instale o seguinte pacote: dockedformeditor O&nbsp;dockedformeditor&nbsp;\u00e9 usado em conjunto com&nbsp;AnchorDocking&nbsp;e&nbsp;AnchorDockingDsgn, eles juntosfunciona harmoniosamente bem, muito [&hellip;]<\/p>\n","protected":false},"author":1,"featured_media":0,"parent":159,"menu_order":0,"comment_status":"closed","ping_status":"closed","template":"templates\/template-full-width.php","meta":{"footnotes":""},"class_list":["post-264","page","type-page","status-publish","hentry"],"aioseo_notices":[],"_links":{"self":[{"href":"https:\/\/gladiston.net.br\/en\/wp-json\/wp\/v2\/pages\/264","targetHints":{"allow":["GET"]}}],"collection":[{"href":"https:\/\/gladiston.net.br\/en\/wp-json\/wp\/v2\/pages"}],"about":[{"href":"https:\/\/gladiston.net.br\/en\/wp-json\/wp\/v2\/types\/page"}],"author":[{"embeddable":true,"href":"https:\/\/gladiston.net.br\/en\/wp-json\/wp\/v2\/users\/1"}],"replies":[{"embeddable":true,"href":"https:\/\/gladiston.net.br\/en\/wp-json\/wp\/v2\/comments?post=264"}],"version-history":[{"count":3,"href":"https:\/\/gladiston.net.br\/en\/wp-json\/wp\/v2\/pages\/264\/revisions"}],"predecessor-version":[{"id":730,"href":"https:\/\/gladiston.net.br\/en\/wp-json\/wp\/v2\/pages\/264\/revisions\/730"}],"up":[{"embeddable":true,"href":"https:\/\/gladiston.net.br\/en\/wp-json\/wp\/v2\/pages\/159"}],"wp:attachment":[{"href":"https:\/\/gladiston.net.br\/en\/wp-json\/wp\/v2\/media?parent=264"}],"curies":[{"name":"wp","href":"https:\/\/api.w.org\/{rel}","templated":true}]}}