{"id":261,"date":"2022-01-07T18:10:53","date_gmt":"2022-01-07T21:10:53","guid":{"rendered":"https:\/\/gladiston.net.br\/?page_id=261"},"modified":"2022-07-13T16:05:16","modified_gmt":"2022-07-13T19:05:16","slug":"online-package-manageropm-gpo","status":"publish","type":"page","link":"https:\/\/gladiston.net.br\/en\/programacao\/lazarus-ide\/online-package-manageropm-gpo\/","title":{"rendered":"Online Package Manager(OPM)"},"content":{"rendered":"<p>In some Lazarus installations the\u00a0<strong>&#039;Online Package Manager&#039;<\/strong>\u00a0(OPM or GPO in Portuguese) is already installed, however, in versions compiled using fpcupdeluxe it is not, we will need it, so see the option\u00a0<strong>Package|Online Package Manager<\/strong>:<\/p>\n\n\n\n<figure class=\"wp-block-image\"><img decoding=\"async\" src=\"https:\/\/gladiston.github.io\/hello_lazarus\/assets\/pacote_opm2.png\" alt=\"Package|Online Package Manager\"\/><\/figure>\n\n\n\n<p>If it already exists on your system, then ignore the instructions below, but if it doesn&#039;t, it&#039;s recommended to install it, go to\u00a0<strong>Packages|Install\/Uninstall packages<\/strong>(Install\/Uninstall Packages) and select the following packages to install:<\/p>\n\n\n\n<figure class=\"wp-block-image\"><img decoding=\"async\" src=\"https:\/\/gladiston.github.io\/hello_lazarus\/assets\/pacote_opm1.png\" alt=\"Instalando o Online Package Manager\"\/><\/figure>\n\n\n\n<p>After adding the indicated packages click on\u00a0<strong>&quot;Save and rebuild IDE&quot;.<\/strong><\/p>","protected":false},"excerpt":{"rendered":"<p>Em algumas instala\u00e7\u00f5es do Lazarus o\u00a0\u2018Online Package Manager\u2019\u00a0(OPM ou GPO em portugu\u00eas) j\u00e1 est\u00e1 instalado, no entanto, em vers\u00f5es compiladas usando o fpcupdeluxe o mesmo n\u00e3o \u00e9, vamos precisar dele, ent\u00e3o veja lhe aparece no menu do Lazarus a op\u00e7\u00e3o\u00a0Package|Online Package Manager: Se ela j\u00e1 existe no seu sistema, ent\u00e3o ignore as instru\u00e7\u00f5es a seguir, [&hellip;]<\/p>\n","protected":false},"author":1,"featured_media":0,"parent":159,"menu_order":0,"comment_status":"closed","ping_status":"closed","template":"templates\/template-full-width.php","meta":{"footnotes":""},"class_list":["post-261","page","type-page","status-publish","hentry"],"aioseo_notices":[],"_links":{"self":[{"href":"https:\/\/gladiston.net.br\/en\/wp-json\/wp\/v2\/pages\/261","targetHints":{"allow":["GET"]}}],"collection":[{"href":"https:\/\/gladiston.net.br\/en\/wp-json\/wp\/v2\/pages"}],"about":[{"href":"https:\/\/gladiston.net.br\/en\/wp-json\/wp\/v2\/types\/page"}],"author":[{"embeddable":true,"href":"https:\/\/gladiston.net.br\/en\/wp-json\/wp\/v2\/users\/1"}],"replies":[{"embeddable":true,"href":"https:\/\/gladiston.net.br\/en\/wp-json\/wp\/v2\/comments?post=261"}],"version-history":[{"count":2,"href":"https:\/\/gladiston.net.br\/en\/wp-json\/wp\/v2\/pages\/261\/revisions"}],"predecessor-version":[{"id":434,"href":"https:\/\/gladiston.net.br\/en\/wp-json\/wp\/v2\/pages\/261\/revisions\/434"}],"up":[{"embeddable":true,"href":"https:\/\/gladiston.net.br\/en\/wp-json\/wp\/v2\/pages\/159"}],"wp:attachment":[{"href":"https:\/\/gladiston.net.br\/en\/wp-json\/wp\/v2\/media?parent=261"}],"curies":[{"name":"wp","href":"https:\/\/api.w.org\/{rel}","templated":true}]}}