{"id":260,"date":"2022-01-07T18:10:18","date_gmt":"2022-01-07T21:10:18","guid":{"rendered":"https:\/\/gladiston.net.br\/?page_id=260"},"modified":"2022-07-13T16:05:15","modified_gmt":"2022-07-13T19:05:15","slug":"gerenciador-de-projetosproject-manager","status":"publish","type":"page","link":"https:\/\/gladiston.net.br\/en\/programacao\/lazarus-ide\/gerenciador-de-projetosproject-manager\/","title":{"rendered":"Project Manager"},"content":{"rendered":"<p>By default Lazarus-IDE only opens one project at a time, and that&#039;s not always nice. In some environments it is convenient to have all projects in a group and edit\/compile whatever is most convenient. For example, opening all projects in a group, and compiling all of them in one move, instead of compiling one at a time.<\/p>\n\n\n\n<p>If you think so too, go to <strong>Package|Install\/Uninstall Packages<\/strong> and install the package <strong>\u201clazprojectgroups\u201d<\/strong>:<\/p>\n\n\n\n<figure class=\"wp-block-image size-full\"><img loading=\"lazy\" decoding=\"async\" width=\"601\" height=\"572\" src=\"http:\/\/gladiston.net.br\/wp-content\/uploads\/2022\/01\/pacote_project_manager1.png\" alt=\"\" class=\"wp-image-123\" srcset=\"https:\/\/gladiston.net.br\/wp-content\/uploads\/2022\/01\/pacote_project_manager1.png 601w, https:\/\/gladiston.net.br\/wp-content\/uploads\/2022\/01\/pacote_project_manager1-300x286.png 300w\" sizes=\"auto, (max-width: 601px) 100vw, 601px\" \/><\/figure>\n\n\n\n<p>After adding the package go to \u201cSave and rebuild IDE\u201d, after restarting Lazarus you will notice this component in the Project|New project group menu to create a new group or Project|Open project group to open an existing group. You can dock it on a side panel if you want to make it permanent.<\/p>\n\n\n\n<p>To learn the basics of its use, see <a href=\"https:\/\/gladiston.net.br\/en\/?page_id=355\" target=\"_blank\" rel=\"noreferrer noopener\" title=\"Using project group\">This article<\/a>.<\/p>\n\n\n\n<p>Or watch this video to see how it works:<\/p>\n\n\n\n<figure class=\"wp-block-embed is-type-video is-provider-youtube wp-block-embed-youtube wp-embed-aspect-4-3 wp-has-aspect-ratio\"><div class=\"wp-block-embed__wrapper\">\n<iframe loading=\"lazy\" title=\"Productivity with Lazarus IDE: Using Project Group\" width=\"580\" height=\"435\" src=\"https:\/\/www.youtube.com\/embed\/11PS7W3lNYk?feature=oembed\" frameborder=\"0\" allow=\"accelerometer; autoplay; clipboard-write; encrypted-media; gyroscope; picture-in-picture; web-share\" referrerpolicy=\"strict-origin-when-cross-origin\" allowfullscreen><\/iframe>\n<\/div><\/figure>","protected":false},"excerpt":{"rendered":"<p>Por padr\u00e3o o Lazarus-IDE abre apenas um projeto por vez, e isso nem sempre \u00e9 bacana. Em alguns ambientes \u00e9 conveniente ter todos os projetos num grupo e editar\/compilar o que for mais conveniente. Por exemplo, abrir todos os projetos de um grupo, e compilar todos eles num \u00fanico movimento, ao inv\u00e9s de compilar um [&hellip;]<\/p>\n","protected":false},"author":1,"featured_media":0,"parent":159,"menu_order":0,"comment_status":"closed","ping_status":"closed","template":"templates\/template-full-width.php","meta":{"footnotes":""},"class_list":["post-260","page","type-page","status-publish","hentry"],"aioseo_notices":[],"_links":{"self":[{"href":"https:\/\/gladiston.net.br\/en\/wp-json\/wp\/v2\/pages\/260","targetHints":{"allow":["GET"]}}],"collection":[{"href":"https:\/\/gladiston.net.br\/en\/wp-json\/wp\/v2\/pages"}],"about":[{"href":"https:\/\/gladiston.net.br\/en\/wp-json\/wp\/v2\/types\/page"}],"author":[{"embeddable":true,"href":"https:\/\/gladiston.net.br\/en\/wp-json\/wp\/v2\/users\/1"}],"replies":[{"embeddable":true,"href":"https:\/\/gladiston.net.br\/en\/wp-json\/wp\/v2\/comments?post=260"}],"version-history":[{"count":4,"href":"https:\/\/gladiston.net.br\/en\/wp-json\/wp\/v2\/pages\/260\/revisions"}],"predecessor-version":[{"id":542,"href":"https:\/\/gladiston.net.br\/en\/wp-json\/wp\/v2\/pages\/260\/revisions\/542"}],"up":[{"embeddable":true,"href":"https:\/\/gladiston.net.br\/en\/wp-json\/wp\/v2\/pages\/159"}],"wp:attachment":[{"href":"https:\/\/gladiston.net.br\/en\/wp-json\/wp\/v2\/media?parent=260"}],"curies":[{"name":"wp","href":"https:\/\/api.w.org\/{rel}","templated":true}]}}