{"id":259,"date":"2022-01-07T18:09:51","date_gmt":"2022-01-07T21:09:51","guid":{"rendered":"https:\/\/gladiston.net.br\/?page_id=259"},"modified":"2022-07-13T16:04:57","modified_gmt":"2022-07-13T19:04:57","slug":"escolhendo-um-idioma","status":"publish","type":"page","link":"https:\/\/gladiston.net.br\/en\/programacao\/lazarus-ide\/escolhendo-um-idioma\/","title":{"rendered":"choosing a language"},"content":{"rendered":"<p>The first thing to be decided in an IDE is the language that will be used, for beginners it may be easier to choose Portuguese, but it is a dangerous comfort zone, because when looking for help from others in forums and mailing lists you will notice that many \u2013 especially Brazilian programmers \u2013 have a preference for English. This can be explained because in general the documentation is plentiful in English and if we want to progress in this field we must specialize in using this language, so choosing the appropriate language is important.<\/p>\n\n\n\n<p>Go in<strong>Tools|Options|Environment|General|Language<\/strong>:<\/p>\n\n\n\n<figure class=\"wp-block-image size-full\"><img loading=\"lazy\" decoding=\"async\" width=\"1017\" height=\"286\" src=\"http:\/\/gladiston.net.br\/wp-content\/uploads\/2022\/01\/lazarus_idioma1.png\" alt=\"\" class=\"wp-image-112\" srcset=\"https:\/\/gladiston.net.br\/wp-content\/uploads\/2022\/01\/lazarus_idioma1.png 1017w, https:\/\/gladiston.net.br\/wp-content\/uploads\/2022\/01\/lazarus_idioma1-300x84.png 300w, https:\/\/gladiston.net.br\/wp-content\/uploads\/2022\/01\/lazarus_idioma1-768x216.png 768w\" sizes=\"auto, (max-width: 1017px) 100vw, 1017px\" \/><\/figure>\n\n\n\n<p>Confirm the change and then restart Lazarus to enjoy the chosen language.<\/p>\n\n\n\n<p><strong>note:<\/strong> If you choose Portuguese, no problem, just know that you can mature more if you learn a little English.<\/p>","protected":false},"excerpt":{"rendered":"<p>A primeira coisa a ser decidida numa IDE \u00e9 o idioma que ser\u00e1 usado, para os iniciantes talvez seja mais f\u00e1cil escolher o portugu\u00eas, mas \u00e9 uma zona de conforto perigosa, pois ao procurar ajuda de outrem em f\u00f3runs e lista de discuss\u00e3o perceber\u00e1 que muitos &#8211; especialmente programadores brasileiros &#8211; t\u00eam uma prefer\u00eancia pelo [&hellip;]<\/p>\n","protected":false},"author":1,"featured_media":0,"parent":159,"menu_order":0,"comment_status":"closed","ping_status":"closed","template":"templates\/template-full-width.php","meta":{"footnotes":""},"class_list":["post-259","page","type-page","status-publish","hentry"],"aioseo_notices":[],"_links":{"self":[{"href":"https:\/\/gladiston.net.br\/en\/wp-json\/wp\/v2\/pages\/259","targetHints":{"allow":["GET"]}}],"collection":[{"href":"https:\/\/gladiston.net.br\/en\/wp-json\/wp\/v2\/pages"}],"about":[{"href":"https:\/\/gladiston.net.br\/en\/wp-json\/wp\/v2\/types\/page"}],"author":[{"embeddable":true,"href":"https:\/\/gladiston.net.br\/en\/wp-json\/wp\/v2\/users\/1"}],"replies":[{"embeddable":true,"href":"https:\/\/gladiston.net.br\/en\/wp-json\/wp\/v2\/comments?post=259"}],"version-history":[{"count":3,"href":"https:\/\/gladiston.net.br\/en\/wp-json\/wp\/v2\/pages\/259\/revisions"}],"predecessor-version":[{"id":541,"href":"https:\/\/gladiston.net.br\/en\/wp-json\/wp\/v2\/pages\/259\/revisions\/541"}],"up":[{"embeddable":true,"href":"https:\/\/gladiston.net.br\/en\/wp-json\/wp\/v2\/pages\/159"}],"wp:attachment":[{"href":"https:\/\/gladiston.net.br\/en\/wp-json\/wp\/v2\/media?parent=259"}],"curies":[{"name":"wp","href":"https:\/\/api.w.org\/{rel}","templated":true}]}}