{"id":2161,"date":"2023-03-20T15:41:32","date_gmt":"2023-03-20T18:41:32","guid":{"rendered":"https:\/\/gladiston.net.br\/?page_id=2161"},"modified":"2023-06-21T17:29:41","modified_gmt":"2023-06-21T20:29:41","slug":"relatorios-com-o-fpreport","status":"publish","type":"page","link":"https:\/\/gladiston.net.br\/en\/relatorios-com-o-fpreport\/","title":{"rendered":"Relat\u00f3rios com o fpReport"},"content":{"rendered":"<p>O fpReport \u00e9 um gerador de relat\u00f3rio, similar ao FastReport ou freeReport. Boa parte da documenta\u00e7\u00e3o antiga do freeReport tamb\u00e9m serve para ele. <\/p>\n\n\n\n<p>Sua vantagem \u00e9 a independencia da LCL. A LCL \u00e9 a biblioteca de componentes do Lazarus, seu requerimento significa que seu programa n\u00e3o funcionar\u00e1 sem interface gr\u00e1fica, na pr\u00e1tica, deixa de funcionar num Linux apenas tendo o terminal.<\/p>\n\n\n\n<p>Quando programadores precisam criar pequenos programas de apoio, cgi, api\/rest, &#8230; que rodar\u00e3o em servidores que n\u00e3o tem um ambiente operacional gr\u00e1fico, o fpReport funcionar\u00e1 sem problemas, inclusive exportando seus relat\u00f3rios para PDF com grande precis\u00e3o.<\/p>\n\n\n\n<p>Isso acontece porque o fpReport  foi desenvolvido para fazer parte direta da biblioteca do compilador FreePascal e n\u00e3o tem nenhuma dependencia de widgets do sistema anfitri\u00e3o.<\/p>\n\n\n\n<p>H\u00e1 um programa externo chamado &#8216;<a href=\"https:\/\/wiki.freepascal.org\/FPReport_Designer\" target=\"_blank\" rel=\"noopener\" title=\"fpReport Designer\">fpReport Designer<\/a>&#8216;, ele \u00e9 o IDE do gerador de gerat\u00f3rios dele, caso prefira fazer o design do relat\u00f3rio por fora do Lazarus, neste caso, ele salva o relat\u00f3rio externamente e que pode ser carregado a partir de si mesmo ou a partir do seu programa desenvolvido em freepascal usando ou n\u00e3o o Lazarus.<\/p>\n\n\n\n<p>Maiores informa\u00e7\u00f5es podem ser obtidas no link abaixo:<\/p>\n\n\n\n<p><a href=\"https:\/\/wiki.freepascal.org\/FPReport\">https:\/\/wiki.freepascal.org\/FPReport<\/a><\/p>\n\n\n\n<p>A opini\u00e3o que coletei em foruns \u00e9 que o fpReport \u00e9 o mais leve de todos. Ele n\u00e3o tem todos os recursos visuais automatizados que outros tem, mas se voc\u00ea conseguir construir seus relat\u00f3rios com ele, sair\u00e1 satisfeito.<\/p>","protected":false},"excerpt":{"rendered":"<p>O fpReport \u00e9 um gerador de relat\u00f3rio, similar ao FastReport ou freeReport. Boa parte da documenta\u00e7\u00e3o antiga do freeReport tamb\u00e9m serve para ele. Sua vantagem \u00e9 a independencia da LCL. A LCL \u00e9 a biblioteca de componentes do Lazarus, seu requerimento significa que seu programa n\u00e3o funcionar\u00e1 sem interface gr\u00e1fica, na pr\u00e1tica, deixa de funcionar [&hellip;]<\/p>\n","protected":false},"author":4,"featured_media":0,"parent":0,"menu_order":0,"comment_status":"closed","ping_status":"closed","template":"","meta":{"footnotes":""},"class_list":["post-2161","page","type-page","status-publish","hentry"],"aioseo_notices":[],"_links":{"self":[{"href":"https:\/\/gladiston.net.br\/en\/wp-json\/wp\/v2\/pages\/2161","targetHints":{"allow":["GET"]}}],"collection":[{"href":"https:\/\/gladiston.net.br\/en\/wp-json\/wp\/v2\/pages"}],"about":[{"href":"https:\/\/gladiston.net.br\/en\/wp-json\/wp\/v2\/types\/page"}],"author":[{"embeddable":true,"href":"https:\/\/gladiston.net.br\/en\/wp-json\/wp\/v2\/users\/4"}],"replies":[{"embeddable":true,"href":"https:\/\/gladiston.net.br\/en\/wp-json\/wp\/v2\/comments?post=2161"}],"version-history":[{"count":7,"href":"https:\/\/gladiston.net.br\/en\/wp-json\/wp\/v2\/pages\/2161\/revisions"}],"predecessor-version":[{"id":2258,"href":"https:\/\/gladiston.net.br\/en\/wp-json\/wp\/v2\/pages\/2161\/revisions\/2258"}],"wp:attachment":[{"href":"https:\/\/gladiston.net.br\/en\/wp-json\/wp\/v2\/media?parent=2161"}],"curies":[{"name":"wp","href":"https:\/\/api.w.org\/{rel}","templated":true}]}}