{"id":177,"date":"2022-01-07T15:14:58","date_gmt":"2022-01-07T18:14:58","guid":{"rendered":"https:\/\/gladiston.net.br\/?page_id=177"},"modified":"2022-07-13T16:05:55","modified_gmt":"2022-07-13T19:05:55","slug":"eu-e-a-programacao","status":"publish","type":"page","link":"https:\/\/gladiston.net.br\/en\/sobre-mim\/eu-e-a-programacao\/","title":{"rendered":"Me and code"},"content":{"rendered":"<p>Programa\u00e7\u00e3o esta nas veias desde que recebi meu primeiro exemplar das revistas Input que falavam de programa\u00e7\u00e3o em basic para sistemas 8bits. Aprendi a programar num Apple ][ e como usar apenas basic era limitador, era preciso entender endere\u00e7amentos de mem\u00f3ria e por exemplo, dominar a vram a trabalhar a nosso favor e criar sprites e misturar textos e gr\u00e1ficos. Depois com um 8bits Prologica CP-400 e mais tarde um MSX, o mundo da programa\u00e7\u00e3o se firmou. Aprendi Cobol, mas nunca consegui um emprego nessa \u00e1rea, mas o DBASE e o Clipper estavam na vanguarda e foi onde tudo come\u00e7ou profissionalmente. Hoje, domino os seguintes cen\u00e1rios:<\/p>\n\n\n\n<ul class=\"wp-block-list\"><li>Linguagem Delphi, incluindo varia\u00e7\u00f5es como Lazarus e Turbo Pascal. Programa\u00e7\u00e3o Multitier (datasnap) e microservi\u00e7os (web);<\/li><li>Linguagem Python como backend para automatizar servidores e processos;<\/li><li>Linguagem JavaScript(ecmascript) em frontend e com menos enfase em backend(node.js);<\/li><li>Sistema operacional Linux e Windows, incluindo ambiente multiterminal e servidores;<\/li><li>Linguagem Bash, programa\u00e7\u00e3o de scripts e tamb\u00e9m modo interativo;<\/li><li>Linguagem PHP, contudo com mais enfase em programa\u00e7\u00e3o procedural do que orienta\u00e7\u00e3o a objetos;<\/li><li>Documentos web formatados e programados em HTML5, CSS3 e JavaScript(ecmascript);<\/li><li>Linguagem SQL ANSI-2002;<\/li><li>Bancos de Dados MSSQL Server (administra\u00e7\u00e3o e desenvolvimento), Oracle(desenvolvimento), PostgreSQL (desenvolvimento) e FirebirdSQL (administra\u00e7\u00e3o e desenvolvimento), MySQL(desenvolvimento) e flat-tables como xbase, paradox e msaccess.<\/li><\/ul>\n\n\n\n<h3 class=\"wp-block-heading\">Conhecimentos intermedi\u00e1rio e b\u00e1sico nos seguintes cen\u00e1rios: <\/h3>\n\n\n\n<ul class=\"wp-block-list\"><li>Git, o necess\u00e1rio para versionamento e branchs;<\/li><\/ul>\n\n\n\n<ul class=\"wp-block-list\"><li>Linguagens como c\/c++, golang(go) e javalang(java). O suficiente para corrigir falhas de compila\u00e7\u00e3o devido a mudan\u00e7as de vers\u00e3o do compilador, depend\u00eancias ou reprogramar diretivas de compila\u00e7\u00e3o<\/li><\/ul>\n\n\n\n<ul class=\"wp-block-list\"><li>Estou procurando me especializar em node.js e vue.js para aplica\u00e7\u00f5es web backend e frontend.<\/li><\/ul>\n\n\n\n<figure class=\"wp-block-pullquote\"><blockquote><p>Se eu n\u00e3o tiver as habilidades necess\u00e1rias, tenham paci\u00eancia porque aprendo r\u00e1pido!<\/p><\/blockquote><\/figure>","protected":false},"excerpt":{"rendered":"<p>Programa\u00e7\u00e3o esta nas veias desde que recebi meu primeiro exemplar das revistas Input que falavam de programa\u00e7\u00e3o em basic para sistemas 8bits. Aprendi a programar num Apple ][ e como usar apenas basic era limitador, era preciso entender endere\u00e7amentos de mem\u00f3ria e por exemplo, dominar a vram a trabalhar a nosso favor e criar sprites [&hellip;]<\/p>\n","protected":false},"author":1,"featured_media":0,"parent":172,"menu_order":0,"comment_status":"closed","ping_status":"closed","template":"templates\/template-full-width.php","meta":{"footnotes":""},"class_list":["post-177","page","type-page","status-publish","hentry"],"aioseo_notices":[],"_links":{"self":[{"href":"https:\/\/gladiston.net.br\/en\/wp-json\/wp\/v2\/pages\/177","targetHints":{"allow":["GET"]}}],"collection":[{"href":"https:\/\/gladiston.net.br\/en\/wp-json\/wp\/v2\/pages"}],"about":[{"href":"https:\/\/gladiston.net.br\/en\/wp-json\/wp\/v2\/types\/page"}],"author":[{"embeddable":true,"href":"https:\/\/gladiston.net.br\/en\/wp-json\/wp\/v2\/users\/1"}],"replies":[{"embeddable":true,"href":"https:\/\/gladiston.net.br\/en\/wp-json\/wp\/v2\/comments?post=177"}],"version-history":[{"count":1,"href":"https:\/\/gladiston.net.br\/en\/wp-json\/wp\/v2\/pages\/177\/revisions"}],"predecessor-version":[{"id":178,"href":"https:\/\/gladiston.net.br\/en\/wp-json\/wp\/v2\/pages\/177\/revisions\/178"}],"up":[{"embeddable":true,"href":"https:\/\/gladiston.net.br\/en\/wp-json\/wp\/v2\/pages\/172"}],"wp:attachment":[{"href":"https:\/\/gladiston.net.br\/en\/wp-json\/wp\/v2\/media?parent=177"}],"curies":[{"name":"wp","href":"https:\/\/api.w.org\/{rel}","templated":true}]}}