{"id":150,"date":"2022-01-07T10:49:06","date_gmt":"2022-01-07T13:49:06","guid":{"rendered":"https:\/\/gladiston.net.br\/?page_id=150"},"modified":"2022-07-13T16:05:55","modified_gmt":"2022-07-13T19:05:55","slug":"windows","status":"publish","type":"page","link":"https:\/\/gladiston.net.br\/en\/windows\/","title":{"rendered":"Windows"},"content":{"rendered":"<p>Programming and managing Windows systems, for example, programming scripts, scheduling tasks, security policies.<\/p>\n\n\n\n<h2 class=\"wp-block-heading\" id=\"instalacao-no-windows\">Installing Lazarus-IDE on Windows<\/h2>\n\n\n\n<p class=\"has-text-align-right\"><a href=\"https:\/\/gladiston.net.br\/en\/?page_id=250\" target=\"_blank\" rel=\"noreferrer noopener\" title=\"Using Standard Installer (Easy Level)\">Using Standard Installer (Easy Level)<\/a><\/p>\n\n\n\n<p class=\"has-text-align-right\"><a href=\"https:\/\/gladiston.net.br\/en\/?page_id=249\" target=\"_blank\" rel=\"noreferrer noopener\" title=\"Using fpcupdeluge (medium level) as installer\">Using fpcupdeluge (medium level) as installer<\/a><\/p>\n\n\n\n<p class=\"has-text-align-right\"><a href=\"https:\/\/gladiston.net.br\/en\/?page_id=251\" title=\"Using GIT as installer (medium level+1)\">Using GIT as installer (medium level+1)<\/a><\/p>","protected":false},"excerpt":{"rendered":"<p>Programa\u00e7\u00e3o e gerencia de sistemas com o Windows, por exemplo, programar scripts, agendar tarefas, politicas de seguran\u00e7a. Instala\u00e7\u00e3o do Lazarus-IDE no Windows Usando Instalador padr\u00e3o (n\u00edvel f\u00e1cil) Usando como instalador o fpcupdeluge (n\u00edvel m\u00e9dio) Usando como instalador o GIT (n\u00edvel m\u00e9dio+1)<\/p>","protected":false},"author":1,"featured_media":0,"parent":0,"menu_order":0,"comment_status":"closed","ping_status":"closed","template":"templates\/template-full-width.php","meta":{"footnotes":""},"class_list":["post-150","page","type-page","status-publish","hentry"],"aioseo_notices":[],"_links":{"self":[{"href":"https:\/\/gladiston.net.br\/en\/wp-json\/wp\/v2\/pages\/150","targetHints":{"allow":["GET"]}}],"collection":[{"href":"https:\/\/gladiston.net.br\/en\/wp-json\/wp\/v2\/pages"}],"about":[{"href":"https:\/\/gladiston.net.br\/en\/wp-json\/wp\/v2\/types\/page"}],"author":[{"embeddable":true,"href":"https:\/\/gladiston.net.br\/en\/wp-json\/wp\/v2\/users\/1"}],"replies":[{"embeddable":true,"href":"https:\/\/gladiston.net.br\/en\/wp-json\/wp\/v2\/comments?post=150"}],"version-history":[{"count":4,"href":"https:\/\/gladiston.net.br\/en\/wp-json\/wp\/v2\/pages\/150\/revisions"}],"predecessor-version":[{"id":1048,"href":"https:\/\/gladiston.net.br\/en\/wp-json\/wp\/v2\/pages\/150\/revisions\/1048"}],"wp:attachment":[{"href":"https:\/\/gladiston.net.br\/en\/wp-json\/wp\/v2\/media?parent=150"}],"curies":[{"name":"wp","href":"https:\/\/api.w.org\/{rel}","templated":true}]}}