{"id":148,"date":"2022-01-07T10:47:49","date_gmt":"2022-01-07T13:47:49","guid":{"rendered":"https:\/\/gladiston.net.br\/?page_id=148"},"modified":"2022-07-13T16:04:32","modified_gmt":"2022-07-13T19:04:32","slug":"linux","status":"publish","type":"page","link":"https:\/\/gladiston.net.br\/en\/linux\/","title":{"rendered":"Linux"},"content":{"rendered":"<p>Programming and systems management with Linux, ex: Installation, configuration, bash, python, ssh and programming.<\/p>\n\n\n\n<p>I've developed a playlist that shows how to prepare a machine for Linux development using the Fedora distro. He was thinking about who is still starting, but if you are experienced maybe there is news for you. See the themes:<\/p>\n\n\n\n<p>#1: GNOME \u2013 FreePascal\/Lazarus Development with Linux<\/p>\n\n\n\n<p>#2: Flatpak and Flathub \u2013 FreePascal\/Lazarus Development with Linux<\/p>\n\n\n\n<p>#3: Customizing GNOME \u2013 FreePascal\/Lazarus Development with Linux<\/p>\n\n\n\n<p>#4: Basic programs to install \u2013 FreePascal\/Lazarus development with Linux<\/p>\n\n\n\n<p>#5: Terminal \u2013 Development with FreePascal\/Lazarus with Linux<\/p>\n\n\n\n<p>#6: FreePascal Compiler \u2013 FreePascal\/Lazarus Development with Linux<\/p>\n\n\n\n<p>#7: Install Lazarus-IDE with fpcupdeluge \u2013 Development with FreePascal\/Lazarus with Linux<\/p>\n\n\n\n<p>#8: Install Lazarus-IDE from git \u2013 FreePascal\/Lazarus development with Linux<\/p>\n\n\n\n<figure class=\"wp-block-embed is-type-video is-provider-youtube wp-block-embed-youtube wp-embed-aspect-16-9 wp-has-aspect-ratio\"><div class=\"wp-block-embed__wrapper\">\n<iframe loading=\"lazy\" title=\"Preparando Linux para desenvolvimento FreePascal\/Lazarus\" width=\"580\" height=\"326\" src=\"https:\/\/www.youtube.com\/embed\/videoseries?list=PLFwc0Ey9St0XUsrDY9jhwBFXHkz1lcLBT\" frameborder=\"0\" allow=\"accelerometer; autoplay; clipboard-write; encrypted-media; gyroscope; picture-in-picture; web-share\" referrerpolicy=\"strict-origin-when-cross-origin\" allowfullscreen><\/iframe>\n<\/div><figcaption>Playlist de artigos de como preparar o ambiente de desenvolvimento Linux para programa\u00e7\u00e3o<\/figcaption><\/figure>","protected":false},"excerpt":{"rendered":"<p>Programa\u00e7\u00e3o e gerencia de sistemas com o Linux, por exemplo, Instala\u00e7\u00e3o, configura\u00e7\u00e3o, bash, python, ssh e programa\u00e7\u00e3o. Eu desenvolvi uma playlist que mostra como preparar uma m\u00e1quina para desenvolvimento com Linux usando a distro Fedora. Ele foi pensando em quem ainda esta iniciando, mas se voc\u00ea \u00e9 experiente talvez haja novidades para voc\u00ea. Vejam os [&hellip;]<\/p>\n","protected":false},"author":1,"featured_media":0,"parent":0,"menu_order":0,"comment_status":"closed","ping_status":"closed","template":"templates\/template-full-width.php","meta":{"footnotes":""},"class_list":["post-148","page","type-page","status-publish","hentry"],"aioseo_notices":[],"_links":{"self":[{"href":"https:\/\/gladiston.net.br\/en\/wp-json\/wp\/v2\/pages\/148","targetHints":{"allow":["GET"]}}],"collection":[{"href":"https:\/\/gladiston.net.br\/en\/wp-json\/wp\/v2\/pages"}],"about":[{"href":"https:\/\/gladiston.net.br\/en\/wp-json\/wp\/v2\/types\/page"}],"author":[{"embeddable":true,"href":"https:\/\/gladiston.net.br\/en\/wp-json\/wp\/v2\/users\/1"}],"replies":[{"embeddable":true,"href":"https:\/\/gladiston.net.br\/en\/wp-json\/wp\/v2\/comments?post=148"}],"version-history":[{"count":6,"href":"https:\/\/gladiston.net.br\/en\/wp-json\/wp\/v2\/pages\/148\/revisions"}],"predecessor-version":[{"id":1046,"href":"https:\/\/gladiston.net.br\/en\/wp-json\/wp\/v2\/pages\/148\/revisions\/1046"}],"wp:attachment":[{"href":"https:\/\/gladiston.net.br\/en\/wp-json\/wp\/v2\/media?parent=148"}],"curies":[{"name":"wp","href":"https:\/\/api.w.org\/{rel}","templated":true}]}}