{"id":145,"date":"2022-01-07T13:40:02","date_gmt":"2022-01-07T13:40:02","guid":{"rendered":"https:\/\/gladiston.net.br\/?page_id=145"},"modified":"2022-07-13T16:05:55","modified_gmt":"2022-07-13T19:05:55","slug":"programacao","status":"publish","type":"page","link":"https:\/\/gladiston.net.br\/en\/programacao\/","title":{"rendered":"Developer"},"content":{"rendered":"<p>I don&#039;t know if I&#039;ll be able to talk about all the programming languages I like and appreciate, but I hope I can have time to talk about all of them.<\/p>\n\n\n\n<p class=\"has-text-align-right\"><a href=\"https:\/\/gladiston.net.br\/en\/?page_id=159\" target=\"_blank\" rel=\"noreferrer noopener\" title=\"Lazarus-IDE\">Pascal\/Lazarus IDE \u2013 Survival Guide<\/a><\/p>\n\n\n\n<p class=\"has-text-align-right\"> <a href=\"https:\/\/gladiston.net.br\/en\/banco-de-dados\/\" target=\"_blank\" rel=\"noreferrer noopener\" title=\"Database\">Database\/PSQL <\/a><\/p>\n\n\n\n<p class=\"has-text-align-right\"> <a href=\"https:\/\/gladiston.net.br\/en\/programacao-em-delphi\/\" target=\"_blank\" rel=\"noreferrer noopener\" title=\"Delphi programming\">Delphi<\/a> <\/p>\n\n\n\n<p class=\"has-text-align-right\"> Python <\/p>\n\n\n\n<p class=\"has-text-align-right\"> Java <\/p>\n\n\n\n<p class=\"has-text-align-right\"> PHP <\/p>","protected":false},"excerpt":{"rendered":"<p>N\u00e3o sei se conseguirei falar sobre todas as linguagens de programa\u00e7\u00e3o que gosto e aprecio, mas espero que possa ter tempo de falar sobre todas elas. Pascal\/Lazarus IDE \u2013 Guia de Sobreviv\u00eancia Banco de Dados\/PSQL Delphi Python Java PHP<\/p>","protected":false},"author":1,"featured_media":0,"parent":0,"menu_order":0,"comment_status":"closed","ping_status":"closed","template":"templates\/template-full-width.php","meta":{"footnotes":""},"class_list":["post-145","page","type-page","status-publish","hentry"],"aioseo_notices":[],"_links":{"self":[{"href":"https:\/\/gladiston.net.br\/en\/wp-json\/wp\/v2\/pages\/145","targetHints":{"allow":["GET"]}}],"collection":[{"href":"https:\/\/gladiston.net.br\/en\/wp-json\/wp\/v2\/pages"}],"about":[{"href":"https:\/\/gladiston.net.br\/en\/wp-json\/wp\/v2\/types\/page"}],"author":[{"embeddable":true,"href":"https:\/\/gladiston.net.br\/en\/wp-json\/wp\/v2\/users\/1"}],"replies":[{"embeddable":true,"href":"https:\/\/gladiston.net.br\/en\/wp-json\/wp\/v2\/comments?post=145"}],"version-history":[{"count":5,"href":"https:\/\/gladiston.net.br\/en\/wp-json\/wp\/v2\/pages\/145\/revisions"}],"predecessor-version":[{"id":1190,"href":"https:\/\/gladiston.net.br\/en\/wp-json\/wp\/v2\/pages\/145\/revisions\/1190"}],"wp:attachment":[{"href":"https:\/\/gladiston.net.br\/en\/wp-json\/wp\/v2\/media?parent=145"}],"curies":[{"name":"wp","href":"https:\/\/api.w.org\/{rel}","templated":true}]}}