{"id":1115,"date":"2022-03-11T11:26:11","date_gmt":"2022-03-11T14:26:11","guid":{"rendered":"https:\/\/gladiston.net.br\/?page_id=1115"},"modified":"2022-07-13T16:04:32","modified_gmt":"2022-07-13T19:04:32","slug":"qual-a-diferenca-entre-uma-conexao-remota-local-e-embarcada","status":"publish","type":"page","link":"https:\/\/gladiston.net.br\/en\/banco-de-dados\/qual-a-diferenca-entre-uma-conexao-remota-local-e-embarcada\/","title":{"rendered":"What is the difference between a remote, local and embedded connection?"},"content":{"rendered":"<p>What is the difference between a remote, local and embedded connection?<\/p>\n\n\n\n<p>In a recent video, we talked about how to connect in an embedded way with Zeos \u2013 a special component for database access in Delphi and Lazarus programming IDEs \u2013 and doubts arose about the difference between local, remote and embedded connection. <\/p>\n\n\n\n<p>For the less experienced there is a confusion with &quot;localhost&quot; connections being taken as &quot;local&quot;, are they really? Did you know that FirebirdSQL has a special protocol for really local connections like xnet? Are embedded and local connections the same thing?<\/p>\n\n\n\n<p>In this video I explain the differences:<\/p>\n\n\n\n<figure class=\"wp-block-embed is-type-video is-provider-youtube wp-block-embed-youtube wp-embed-aspect-16-9 wp-has-aspect-ratio\"><div class=\"wp-block-embed__wrapper\">\n<iframe loading=\"lazy\" title=\"Database: Difference between local, remote and embedded connection, especially with FirebirdSQL.\" width=\"580\" height=\"326\" src=\"https:\/\/www.youtube.com\/embed\/KT5VDXnLCFc?feature=oembed\" frameborder=\"0\" allow=\"accelerometer; autoplay; clipboard-write; encrypted-media; gyroscope; picture-in-picture; web-share\" referrerpolicy=\"strict-origin-when-cross-origin\" allowfullscreen><\/iframe>\n<\/div><\/figure>\n\n\n\n<p>Programmers, yes, you who have the programming language and the database running on the same computer, stop using \u201clocalhost\u201d when in reality what you want is local access. When creating your programs, make them easy to set up so that the user can set it to be local or remote, and please don&#039;t assume that \u201clocalhost\u201d is local, as it is not.<\/p>","protected":false},"excerpt":{"rendered":"<p>Qual a diferen\u00e7a entre uma conex\u00e3o remota, local e embarcada? Num v\u00eddeo recente, falamos como conectar-se de modo embarcado com o Zeos &#8211; componente especial para acesso a banco de dados nas IDEs de programa\u00e7\u00e3o Delphi e Lazarus &#8211; e surgiram duvidas sobre a diferen\u00e7a entre conex\u00e3o local, remota e embarcado. Para os menos experientes [&hellip;]<\/p>\n","protected":false},"author":4,"featured_media":0,"parent":1109,"menu_order":0,"comment_status":"closed","ping_status":"closed","template":"templates\/template-full-width.php","meta":{"footnotes":""},"class_list":["post-1115","page","type-page","status-publish","hentry"],"aioseo_notices":[],"_links":{"self":[{"href":"https:\/\/gladiston.net.br\/en\/wp-json\/wp\/v2\/pages\/1115","targetHints":{"allow":["GET"]}}],"collection":[{"href":"https:\/\/gladiston.net.br\/en\/wp-json\/wp\/v2\/pages"}],"about":[{"href":"https:\/\/gladiston.net.br\/en\/wp-json\/wp\/v2\/types\/page"}],"author":[{"embeddable":true,"href":"https:\/\/gladiston.net.br\/en\/wp-json\/wp\/v2\/users\/4"}],"replies":[{"embeddable":true,"href":"https:\/\/gladiston.net.br\/en\/wp-json\/wp\/v2\/comments?post=1115"}],"version-history":[{"count":5,"href":"https:\/\/gladiston.net.br\/en\/wp-json\/wp\/v2\/pages\/1115\/revisions"}],"predecessor-version":[{"id":1172,"href":"https:\/\/gladiston.net.br\/en\/wp-json\/wp\/v2\/pages\/1115\/revisions\/1172"}],"up":[{"embeddable":true,"href":"https:\/\/gladiston.net.br\/en\/wp-json\/wp\/v2\/pages\/1109"}],"wp:attachment":[{"href":"https:\/\/gladiston.net.br\/en\/wp-json\/wp\/v2\/media?parent=1115"}],"curies":[{"name":"wp","href":"https:\/\/api.w.org\/{rel}","templated":true}]}}